{"id":2,"date":"2024-04-29T09:34:34","date_gmt":"2024-04-29T07:34:34","guid":{"rendered":"http:\/\/loxe-lot.com\/?page_id=2"},"modified":"2024-12-18T12:15:31","modified_gmt":"2024-12-18T11:15:31","slug":"mentions-legales","status":"publish","type":"page","link":"https:\/\/loxe-lot.com\/en\/mentions-legales\/","title":{"rendered":"legal notices"},"content":{"rendered":"[et_pb_section fb_built=\u00a0\u00bb1&Prime; admin_label=\u00a0\u00bbsection\u00a0\u00bb _builder_version=\u00a0\u00bb4.16&Prime; global_colors_info=\u00a0\u00bb{}\u00a0\u00bb][et_pb_row admin_label=\u00a0\u00bbrow\u00a0\u00bb _builder_version=\u00a0\u00bb4.16&Prime; background_size=\u00a0\u00bbinitial\u00a0\u00bb background_position=\u00a0\u00bbtop_left\u00a0\u00bb background_repeat=\u00a0\u00bbrepeat\u00a0\u00bb global_colors_info=\u00a0\u00bb{}\u00a0\u00bb][et_pb_column type=\u00a0\u00bb4_4&Prime; _builder_version=\u00a0\u00bb4.16&Prime; custom_padding=\u00a0\u00bb|||\u00a0\u00bb global_colors_info=\u00a0\u00bb{}\u00a0\u00bb custom_padding__hover=\u00a0\u00bb|||\u00a0\u00bb][et_pb_text admin_label=\u00a0\u00bbText\u00a0\u00bb _builder_version=\u00a0\u00bb4.27.4&Prime; background_size=\u00a0\u00bbinitial\u00a0\u00bb background_position=\u00a0\u00bbtop_left\u00a0\u00bb background_repeat=\u00a0\u00bbrepeat\u00a0\u00bb hover_enabled=\u00a0\u00bb0&Prime; global_colors_info=\u00a0\u00bb{}\u00a0\u00bb sticky_enabled=\u00a0\u00bb0&Prime;]<p class=\"has-text-align-left\"><strong>LOXE<br \/><\/strong><\/p>\n<p><b>MENTIONS L\u00c9GALES<\/b><\/p>\n<p class=\"has-text-align-left\"><span>Conform\u00e9ment aux dispositions de la loi n\u00b0 2004-575 du 21 juin 2004 pour la confiance en l\u2019\u00e9conomie num\u00e9rique, il est pr\u00e9cis\u00e9 aux utilisateurs du site Loxe l\u2019identit\u00e9 des diff\u00e9rents intervenants dans le cadre de sa r\u00e9alisation et de son suivi.<\/span><\/p>\n<p><b>Edition du site\u00a0<\/b><\/p>\n<p><span>Le pr\u00e9sent site, accessible \u00e0 l\u2019URL https:\/\/loxe-lot.com\/, est \u00e9dit\u00e9 par :<\/span><\/p>\n<p><span>BAO Studio, soci\u00e9t\u00e9 au capital de 1000 euros, inscrite au R.C.S. de AGEN sous le num\u00e9ro RCS AGEN 909 325 599, dont le si\u00e8ge social est situ\u00e9 au 32 RUE ST EXUP\u00c9RY 47510 FOULAYRONNES, repr\u00e9sent\u00e9(e) par MANI BAUDET-LEST\u00c9 d\u00fbment habilit\u00e9.<\/span><\/p>\n<p><span>Le num\u00e9ro individuel TVA de l\u2019\u00e9diteur est : FR25909325599.<\/span><\/p>\n<p><b>H\u00e9bergement<\/b><\/p>\n<p><span>Le Site est h\u00e9berg\u00e9 par la soci\u00e9t\u00e9\u00a0<strong>HOSTINGER<\/strong>\u00a0INTERNATIONAL LTD, situ\u00e9e\u00a061 Lordou Vironos Street, 6023 Larnaca, Chypre, (contact t\u00e9l\u00e9phonique ou email : https:\/\/www.hostinger.fr\/contact).<\/span><\/p>\n<p><b>Directeur de publication\u00a0<\/b><\/p>\n<p><span>Le Directeur de la publication du Site est MICHELE BILLIET.<\/span><\/p>\n<p><b>Nous contacter\u00a0<\/b><\/p>\n<p><span>Par t\u00e9l\u00e9phone : +33 <span aria-label=\"Appeler le 06 78 53 77 82\">6 34 64 30 46<\/span><a data-dtype=\"d3ph\" data-local-attribute=\"d3ph\" jscontroller=\"LWZElb\" href=\"https:\/\/www.google.com\/search?q=be+lab+bo%26&amp;oq=be+lab+bo%26&amp;gs_lcrp=EgZjaHJvbWUyBggAEEUYOTIHCAEQIRigATIHCAIQIRigATIHCAMQIRigATIHCAQQIRigATIHCAUQIRifBdIBCDI0MzlqMGo3qAIAsAIA&amp;sourceid=chrome&amp;ie=UTF-8#\" jsdata=\"QKGTRc;_;A8BWVs\" jsaction=\"rcuQ6b:npT2md;F75qrd\" data-ved=\"2ahUKEwjMiZuNuaOGAxWxVKQEHTj1BQ8QkAgoAHoECD8QAg\" rel=\"nofollow noopener\" target=\"_blank\"><span aria-label=\"Appeler le 05 53 87 78 42\"><\/span><\/a><\/span><\/p>\n<p><span>Par email\u00a0: <\/span><a href=\"mailto:contact@loxe-lot.com\">contact@loxe-lot.com<\/a><\/p>\n<p><span>Par courrier : 114 route d\u2019Issac, 47110 Le Temple sur Lot\u00a0<\/span><\/p>\n<p><b>Donn\u00e9es personnelles<\/b><\/p>\n<p><span>Le traitement de vos donn\u00e9es \u00e0 caract\u00e8re personnel est r\u00e9gi par notre Charte du respect de la vie priv\u00e9e, disponible depuis la section \u201cPolitique de Cookies\u201d, conform\u00e9ment au R\u00e8glement G\u00e9n\u00e9ral sur la Protection des Donn\u00e9es 2016\/679 du 27 avril 2016 (\u00abRGPD\u00bb).<\/span><\/p>\n<p class=\"has-text-align-left\"><span>G\u00e9n\u00e9ration des mentions l\u00e9gales par\u00a0<\/span><a href=\"https:\/\/www.legalstart.fr\/\" rel=\"nofollow noopener\" target=\"_blank\"><span>Legalstart<\/span><\/a><span>.<\/span><\/p>\n<div class=\"group\/conversation-turn relative flex w-full min-w-0 flex-col agent-turn\">\n<div class=\"flex-col gap-1 md:gap-3\">\n<div class=\"flex max-w-full flex-col flex-grow\">\n<div data-message-author-role=\"assistant\" data-message-id=\"8b5c602f-9ebc-4331-8925-eb7f56f74fe6\" dir=\"auto\" class=\"min-h-8 text-message flex w-full flex-col items-end gap-2 whitespace-normal break-words text-start [.text-message+&amp;]:mt-5\" data-message-model-slug=\"gpt-4o\">\n<div class=\"flex w-full flex-col gap-1 empty:hidden first:pt-[3px]\">\n<div class=\"markdown prose w-full break-words dark:prose-invert light\">\n<p>Ce site est prot\u00e9g\u00e9 par reCAPTCHA et Google <a href=\"https:\/\/policies.google.com\/privacy\" rel=\"nofollow noopener\" target=\"_blank\">Privacy Policy<\/a> et <a href=\"https:\/\/policies.google.com\/terms\" rel=\"nofollow noopener\" target=\"_blank\">Terms of Service<\/a> s&rsquo;appliquent.<\/p>\n<\/div>\n<\/div>\n<\/div>\n<\/div>\n<\/div>\n<\/div>\n<p><\/p>[\/et_pb_text][\/et_pb_column][\/et_pb_row][\/et_pb_section]<!-- \/wp:post-content -->","protected":false},"excerpt":{"rendered":"<p>LOXE MENTIONS L\u00c9GALES Conform\u00e9ment aux dispositions de la loi n\u00b0 2004-575 du 21 juin 2004 pour la confiance en l\u2019\u00e9conomie num\u00e9rique, il est pr\u00e9cis\u00e9 aux utilisateurs du site Loxe l\u2019identit\u00e9 des diff\u00e9rents intervenants dans le cadre de sa r\u00e9alisation et de son suivi. Edition du site\u00a0 Le pr\u00e9sent site, accessible \u00e0 l\u2019URL https:\/\/loxe-lot.com\/, est \u00e9dit\u00e9 [&hellip;]<\/p>\n","protected":false},"author":1,"featured_media":0,"parent":0,"menu_order":0,"comment_status":"closed","ping_status":"closed","template":"","meta":{"_et_pb_use_builder":"on","_et_pb_old_content":"<!-- wp:paragraph -->\n<p>Ceci est une page d\u2019exemple. C\u2019est diff\u00e9rent d\u2019un article de blog parce qu\u2019elle restera au m\u00eame endroit et appara\u00eetra dans la navigation de votre site (dans la plupart des th\u00e8mes). La plupart des gens commencent par une page \u00ab\u00a0\u00c0 propos\u00a0\u00bb qui les pr\u00e9sente aux personnes visitant le site. Cela pourrait ressembler \u00e0 quelque chose comme cela\u00a0:<\/p>\n<!-- \/wp:paragraph -->\n\n<!-- wp:quote -->\n<blockquote class=\"wp-block-quote\"><p>Bonjour\u00a0! Je suis un m\u00e9canicien qui aspire \u00e0 devenir acteur, et voici mon site. J\u2019habite \u00e0 Bordeaux, j\u2019ai un super chien baptis\u00e9 Russell, et j\u2019aime la vodka (ainsi qu\u2019\u00eatre surpris par la pluie soudaine lors de longues balades sur la plage au coucher du soleil).<\/p><\/blockquote>\n<!-- \/wp:quote -->\n\n<!-- wp:paragraph -->\n<p>\u2026ou quelque chose comme cela\u00a0:<\/p>\n<!-- \/wp:paragraph -->\n\n<!-- wp:quote -->\n<blockquote class=\"wp-block-quote\"><p>La soci\u00e9t\u00e9 123 Machin Truc a \u00e9t\u00e9 cr\u00e9\u00e9e en 1971, et n\u2019a cess\u00e9 de proposer au public des machins-trucs de qualit\u00e9 depuis lors. Situ\u00e9e \u00e0 Saint-Remy-en-Bouzemont-Saint-Genest-et-Isson, 123 Machin Truc emploie 2 000 personnes, et fabrique toutes sortes de bidules supers pour la communaut\u00e9 bouzemontoise.<\/p><\/blockquote>\n<!-- \/wp:quote -->\n\n<!-- wp:paragraph -->\n<p>En tant que nouvel utilisateur ou utilisatrice de WordPress, vous devriez vous rendre sur <a href=\"http:\/\/loxe-lot.com\/wp-admin\/\">votre tableau de bord<\/a> pour supprimer cette page et cr\u00e9er de nouvelles pages pour votre contenu. Amusez-vous bien\u00a0!<\/p>\n<!-- \/wp:paragraph -->","_et_gb_content_width":"","footnotes":""},"class_list":["post-2","page","type-page","status-publish","hentry"],"_links":{"self":[{"href":"https:\/\/loxe-lot.com\/en\/wp-json\/wp\/v2\/pages\/2","targetHints":{"allow":["GET"]}}],"collection":[{"href":"https:\/\/loxe-lot.com\/en\/wp-json\/wp\/v2\/pages"}],"about":[{"href":"https:\/\/loxe-lot.com\/en\/wp-json\/wp\/v2\/types\/page"}],"author":[{"embeddable":true,"href":"https:\/\/loxe-lot.com\/en\/wp-json\/wp\/v2\/users\/1"}],"replies":[{"embeddable":true,"href":"https:\/\/loxe-lot.com\/en\/wp-json\/wp\/v2\/comments?post=2"}],"version-history":[{"count":10,"href":"https:\/\/loxe-lot.com\/en\/wp-json\/wp\/v2\/pages\/2\/revisions"}],"predecessor-version":[{"id":1216,"href":"https:\/\/loxe-lot.com\/en\/wp-json\/wp\/v2\/pages\/2\/revisions\/1216"}],"wp:attachment":[{"href":"https:\/\/loxe-lot.com\/en\/wp-json\/wp\/v2\/media?parent=2"}],"curies":[{"name":"wp","href":"https:\/\/api.w.org\/{rel}","templated":true}]}}